{"id":225,"date":"2020-03-06T10:32:25","date_gmt":"2020-03-06T10:32:25","guid":{"rendered":"https:\/\/www.test.leshono-suryoyo.com\/?page_id=225"},"modified":"2020-03-22T17:01:49","modified_gmt":"2020-03-22T17:01:49","slug":"impressum","status":"publish","type":"page","link":"https:\/\/leshono-suryoyo.com\/?page_id=225","title":{"rendered":"Impressum"},"content":{"rendered":"\r\n<figure class=\"wp-block-table\">\r\n<table>\r\n<tbody>\r\n<tr>\r\n<td><strong>Anschrift:<\/strong><\/td>\r\n<td><strong>LS Verein e. V.<\/strong><br \/>z. Z nur \u00fcber Email erreichbar&#8230;<\/td>\r\n<\/tr>\r\n<tr>\r\n<td>\u00a0<\/td>\r\n<td>\u00a0<\/td>\r\n<\/tr>\r\n<tr>\r\n<td><strong>Inhaber:<\/strong><\/td>\r\n<td>LS Verein e.V.<\/td>\r\n<\/tr>\r\n<tr>\r\n<td><strong>Telefon:<\/strong><\/td>\r\n<td>\u00a0<\/td>\r\n<\/tr>\r\n<tr>\r\n<td><strong>Telefax:<\/strong><\/td>\r\n<td>\u00a0<\/td>\r\n<\/tr>\r\n<tr>\r\n<td><strong>Umsatzsteuer-Id: <\/strong><\/td>\r\n<td>\u00a0<\/td>\r\n<\/tr>\r\n<tr>\r\n<td><strong>E-Mail-Adresse: <\/strong><\/td>\r\n<td>info [AT] leshono-suryoyo.com<\/td>\r\n<\/tr>\r\n<\/tbody>\r\n<\/table>\r\n<\/figure>\r\n\r\n\r\n\r\n<p><br \/><strong>Verantwortlich f\u00fcr den Inhalt gem\u00e4\u00df \u00a710 Abs. 3 MDStV.<\/strong><br \/>LS Verein e.V., Leshono, Suryoyo<br \/><br \/><br \/><br \/><strong>www.leshono-suryoyo.com\u00a0<\/strong> is a publisher of new titles and reprints of rare books in the areas of Europe, the Near East, classics, religion, languages and linguistics, Syriac studies, the Middle East and more.<br \/><br \/>1. Zweck der Website www.leshono-suryoyo.com ist die Hilfe und Unterst\u00fctzung der Suryoye weltweit, die Pflege und Erhalt der Kultur der Suryoye und die F\u00f6rderung der aram\u00e4ischen (Suryoyo) Sprache.<br \/><br \/>2. Die Produkte auf www.leshono-suryoyo.com m\u00fcssen diesem Zweck (2) dienen.<br \/><br \/>3. www.leshono-suryoyo.com verfolgt ausschlie\u00dflich gemeinn\u00fctzige Zwecke. <br \/><br \/><strong>4. Haftungsbeschr\u00e4nkung <\/strong><\/p>\r\n\r\n\r\n\r\n<ol class=\"wp-block-list\">\r\n<li>Die Produkte auf leshono-suryoyo stammen von Nutzern. LS \u00fcbernimmt keine Garantie oder Gew\u00e4hrleistung f\u00fcr die Richtigkeit der Produkte oder der Nutzerkommunikation sowie f\u00fcr die Qualit\u00e4t, Sicherheit oder Legalit\u00e4t der angebotenen Waren oder Dienstleistungen.<\/li>\r\n<\/ol>\r\n\r\n\r\n\r\n<p>&#8212;&#8211;<br \/>Wir sind als Inhaltsanbieter f\u00fcr die eigenen Inhalte, die er zur Nutzung bereith\u00e4lt, nach den allgemeinen Gesetzen verantwortlich. Von diesen eigenen Inhalten sind Querverweise (&#8222;Links&#8220;) auf die von anderen Anbietern bereitgehaltenen Inhalte zu unterscheiden. Durch den Querverweis halten wir insofern &#8222;fremde Inhalte&#8220; zur Nutzung bereit.<br \/><br \/>F\u00fcr diese fremden Inhalte sind wir nur dann verantwortlich, wenn von ihnen (d.h. auch von einem rechtswidrigen bzw. strafbaren Inhalt) positive Kenntnis vorliegt und es technisch m\u00f6glich und zumutbar ist, deren Nutzung zu verhindern (\u00a75 Abs. 2 TDG). Bei &#8222;Links&#8220; handelt es sich allerdings stets um &#8222;lebende&#8220; (dynamische) Verweisungen. Wir haben bei der erstmaligen Verkn\u00fcpfung zwar den fremden Inhalt daraufhin \u00fcberpr\u00fcft, ob durch ihn eine m\u00f6gliche zivilrechtliche oder strafrechtliche Verantwortlichkeit ausgel\u00f6st wird; der Inhaltsanbieter ist aber nach dem TDG nicht dazu verpflichtet, die Inhalte, auf die er in seinem Angebot verweist, st\u00e4ndig auf Ver\u00e4nderungen zu \u00fcberpr\u00fcfen, die eine Verantwortlichkeit neu begr\u00fcnden k\u00f6nnten.<br \/><br \/>Erst wenn er feststellt oder von anderen darauf hingewiesen wird, dass ein konkretes Angebot, zu dem er einen Link bereitgestellt hat, eine zivil- oder strafrechtliche Verantwortlichkeit ausl\u00f6st, wird er den Verweis auf dieses Angebot aufheben, soweit ihm dies technisch m\u00f6glich und zumutbar ist. Die technische M\u00f6glichkeit und Zumutbarkeit wird nicht dadurch beeinflusst, dass auch nach Unterbindung des Zugriffs von unserer Homepage von anderen Servern aus auf das rechtswidrige oder strafbare Angebot zugegriffen werden kann.<br \/><br \/>Alle Daten, Bilder sowie Grafiken unterliegen dem Urheberrecht.<br \/><br \/>\u00c4nderungen und Irrt\u00fcmer vorbehalten.<br \/><br \/>Vertretungsberechtigter: Cano Sado, Isler<br \/><br \/>________________________________________________________________________________<br \/>\u00a0<\/p>\r\n\r\n\r\n\r\n<p><strong>Haftung f\u00fcr Inhalte<\/strong><\/p>\r\n\r\n\r\n\r\n<p>Die Inhalte unserer Seiten wurden mit gr\u00f6\u00dfter Sorgfalt erstellt. F\u00fcr die Richtigkeit, Vollst\u00e4ndigkeit und Aktualit\u00e4t der Inhalte k\u00f6nnen wir jedoch keine Gew\u00e4hr \u00fcbernehmen. Als Diensteanbieter sind wir gem\u00e4\u00df \u00a7 7 Abs.1 TMG f\u00fcr eigene Inhalte auf diesen Seiten nach den allgemeinen Gesetzen verantwortlich. Nach \u00a7\u00a7 8 bis 10 TMG sind wir als Diensteanbieter jedoch nicht verpflichtet, \u00fcbermittelte oder gespeicherte fremde Informationen zu \u00fcberwachen oder nach Umst\u00e4nden zu forschen, die auf eine rechtswidrige T\u00e4tigkeit hinweisen. Verpflichtungen zur Entfernung oder Sperrung der Nutzung von Informationen nach den allgemeinen Gesetzen bleiben hiervon unber\u00fchrt. Eine diesbez\u00fcgliche Haftung ist jedoch erst ab dem Zeitpunkt der Kenntnis einer konkreten Rechtsverletzung m\u00f6glich. Bei Bekanntwerden von entsprechenden Rechtsverletzungen werden wir diese Inhalte umgehend entfernen.<\/p>\r\n\r\n\r\n\r\n<p><strong>Haftung f\u00fcr Links<\/strong><\/p>\r\n\r\n\r\n\r\n<p>Unser Angebot enth\u00e4lt Links zu externen Webseiten Dritter, auf deren Inhalte wir keinen Einfluss haben. Deshalb k\u00f6nnen wir f\u00fcr diese fremden Inhalte auch keine Gew\u00e4hr \u00fcbernehmen. F\u00fcr die Inhalte der verlinkten Seiten ist stets der jeweilige Anbieter oder Betreiber der Seiten verantwortlich. Die verlinkten Seiten wurden zum Zeitpunkt der Verlinkung auf m\u00f6gliche Rechtsverst\u00f6\u00dfe \u00fcberpr\u00fcft. Rechtswidrige Inhalte waren zum Zeitpunkt der Verlinkung nicht erkennbar. Eine permanente inhaltliche Kontrolle der verlinkten Seiten ist jedoch ohne konkrete Anhaltspunkte einer Rechtsverletzung nicht zumutbar. Bei Bekanntwerden von Rechtsverletzungen werden wir derartige Links umgehend entfernen.<\/p>\r\n\r\n\r\n\r\n<p><strong>Urheberrecht<\/strong><\/p>\r\n\r\n\r\n\r\n<p>Die durch die Seitenbetreiber erstellten Inhalte und Werke auf diesen Seiten unterliegen dem deutschen Urheberrecht. Die Vervielf\u00e4ltigung, Bearbeitung, Verbreitung und jede Art der Verwertung au\u00dferhalb der Grenzen des Urheberrechtes bed\u00fcrfen der schriftlichen Zustimmung des jeweiligen Autors bzw. Erstellers. Downloads und Kopien dieser Seite sind nur f\u00fcr den privaten, nicht kommerziellen Gebrauch gestattet. Soweit die Inhalte auf dieser Seite nicht vom Betreiber erstellt wurden, werden die Urheberrechte Dritter beachtet. Insbesondere werden Inhalte Dritter als solche gekennzeichnet. Sollten Sie trotzdem auf eine Urheberrechtsverletzung aufmerksam werden, bitten wir um einen entsprechenden Hinweis. Bei Bekanntwerden von Rechtsverletzungen werden wir derartige Inhalte umgehend entfernen.<\/p>\r\n\r\n\r\n\r\n<p>&nbsp;<\/p>\r\n","protected":false},"excerpt":{"rendered":"<p>Anschrift: LS Verein e. V.z. Z nur \u00fcber Email erreichbar&#8230; \u00a0 \u00a0 Inhaber: LS Verein e.V. Telefon: \u00a0 Telefax: \u00a0 Umsatzsteuer-Id: \u00a0 E-Mail-Adresse: info [AT] leshono-suryoyo.com Verantwortlich f\u00fcr den Inhalt gem\u00e4\u00df \u00a710 Abs. 3 MDStV.LS Verein e.V., Leshono, Suryoyo www.leshono-suryoyo.com\u00a0 is a publisher of new titles and reprints of rare books in the areas of [&hellip;]<\/p>\n","protected":false},"author":1,"featured_media":0,"parent":0,"menu_order":0,"comment_status":"closed","ping_status":"closed","template":"","meta":{"footnotes":""},"class_list":["post-225","page","type-page","status-publish","hentry"],"_links":{"self":[{"href":"https:\/\/leshono-suryoyo.com\/index.php?rest_route=\/wp\/v2\/pages\/225","targetHints":{"allow":["GET"]}}],"collection":[{"href":"https:\/\/leshono-suryoyo.com\/index.php?rest_route=\/wp\/v2\/pages"}],"about":[{"href":"https:\/\/leshono-suryoyo.com\/index.php?rest_route=\/wp\/v2\/types\/page"}],"author":[{"embeddable":true,"href":"https:\/\/leshono-suryoyo.com\/index.php?rest_route=\/wp\/v2\/users\/1"}],"replies":[{"embeddable":true,"href":"https:\/\/leshono-suryoyo.com\/index.php?rest_route=%2Fwp%2Fv2%2Fcomments&post=225"}],"version-history":[{"count":4,"href":"https:\/\/leshono-suryoyo.com\/index.php?rest_route=\/wp\/v2\/pages\/225\/revisions"}],"predecessor-version":[{"id":285,"href":"https:\/\/leshono-suryoyo.com\/index.php?rest_route=\/wp\/v2\/pages\/225\/revisions\/285"}],"wp:attachment":[{"href":"https:\/\/leshono-suryoyo.com\/index.php?rest_route=%2Fwp%2Fv2%2Fmedia&parent=225"}],"curies":[{"name":"wp","href":"https:\/\/api.w.org\/{rel}","templated":true}]}}