{"id":1235,"date":"2025-01-13T11:08:57","date_gmt":"2025-01-13T11:08:57","guid":{"rendered":"https:\/\/leshono-suryoyo.com\/?post_type=product&#038;p=1235"},"modified":"2026-01-14T10:41:44","modified_gmt":"2026-01-14T10:41:44","slug":"die-apostelbriefe-in-suryoyo-turabdin","status":"publish","type":"product","link":"https:\/\/leshono-suryoyo.com\/?product=die-apostelbriefe-in-suryoyo-turabdin","title":{"rendered":"Die Apostelbriefe in Suryoyo-Turabdin"},"content":{"rendered":"<p><em>&#8222;Die Apostelbriefe in Suryoyo-Turabdin:<br \/>\n<\/em><em>Ein Begleiter f\u00fcr Ministranten der Syrisch-Orthodoxen Kirche&#8220;<\/em><\/p>\n<p>Dieses Buch richtet sich an Ministranten der Syrisch-Orthodoxen Kirche, die die Apostelbriefe gut lesen k\u00f6nnen, aber Schwierigkeiten mit dem \u00dcbersetzen ins Suryoyo (Turabdin-Dialekt) haben. Es bietet eine strukturierte Sammlung aller Apostelbriefe, die nach den jeweiligen Sonntagen der Eucharistie geordnet sind.<br \/>\nZus\u00e4tzlich umfasst es spezielle Briefe f\u00fcr die Gedenkfeiern der Verstorbenen sowie f\u00fcr Hochzeitszeremonien.<br \/>\nDieses Werk soll nicht nur als Hilfe f\u00fcr die liturgische Praxis dienen, sondern auch dazu beitragen, das Verst\u00e4ndnis und die Liebe zur Sprache und Tradition zu vertiefen. Es ist eine wertvolle Ressource f\u00fcr alle, die im Dienst der Kirche stehen und ihre Kenntnisse in Suryoyo erweitern m\u00f6chten.<\/p>\n","protected":false},"excerpt":{"rendered":"<p>&#8222;Die Apostelbriefe in Suryoyo-Turabdin: Ein Begleiter f\u00fcr Ministranten der Syrisch-Orthodoxen Kirche&#8220; Dieses Buch richtet sich an Ministranten der Syrisch-Orthodoxen Kirche, die die Apostelbriefe gut lesen k\u00f6nnen, aber Schwierigkeiten mit dem \u00dcbersetzen ins Suryoyo (Turabdin-Dialekt) haben. Es bietet eine strukturierte Sammlung aller Apostelbriefe, die nach den jeweiligen Sonntagen der Eucharistie geordnet sind. Zus\u00e4tzlich umfasst es spezielle [&hellip;]<\/p>\n","protected":false},"featured_media":1236,"template":"","meta":[],"product_brand":[],"product_cat":[23,24,25],"product_tag":[],"class_list":{"0":"post-1235","1":"product","2":"type-product","3":"status-publish","4":"has-post-thumbnail","6":"product_cat-neu","7":"product_cat-sureyt-2","8":"product_cat-suryoyo","9":"product_shipping_class-brief","11":"first","12":"instock","13":"taxable","14":"shipping-taxable","15":"purchasable","16":"product-type-simple"},"_links":{"self":[{"href":"https:\/\/leshono-suryoyo.com\/index.php?rest_route=\/wp\/v2\/product\/1235","targetHints":{"allow":["GET"]}}],"collection":[{"href":"https:\/\/leshono-suryoyo.com\/index.php?rest_route=\/wp\/v2\/product"}],"about":[{"href":"https:\/\/leshono-suryoyo.com\/index.php?rest_route=\/wp\/v2\/types\/product"}],"wp:featuredmedia":[{"embeddable":true,"href":"https:\/\/leshono-suryoyo.com\/index.php?rest_route=\/wp\/v2\/media\/1236"}],"wp:attachment":[{"href":"https:\/\/leshono-suryoyo.com\/index.php?rest_route=%2Fwp%2Fv2%2Fmedia&parent=1235"}],"wp:term":[{"taxonomy":"product_brand","embeddable":true,"href":"https:\/\/leshono-suryoyo.com\/index.php?rest_route=%2Fwp%2Fv2%2Fproduct_brand&post=1235"},{"taxonomy":"product_cat","embeddable":true,"href":"https:\/\/leshono-suryoyo.com\/index.php?rest_route=%2Fwp%2Fv2%2Fproduct_cat&post=1235"},{"taxonomy":"product_tag","embeddable":true,"href":"https:\/\/leshono-suryoyo.com\/index.php?rest_route=%2Fwp%2Fv2%2Fproduct_tag&post=1235"}],"curies":[{"name":"wp","href":"https:\/\/api.w.org\/{rel}","templated":true}]}}