{"id":145,"date":"2020-02-19T09:34:08","date_gmt":"2020-02-19T09:34:08","guid":{"rendered":"https:\/\/test.leshono-suryoyo.com\/?post_type=product&#038;p=145"},"modified":"2020-06-09T14:38:55","modified_gmt":"2020-06-09T14:38:55","slug":"tashcyotho-la-shabre-geschichten-fuer-kinder","status":"publish","type":"product","link":"https:\/\/leshono-suryoyo.com\/?product=tashcyotho-la-shabre-geschichten-fuer-kinder","title":{"rendered":"Tashcyotho la Shabre (Sureyt)"},"content":{"rendered":"<p>Geschichten f\u00fcr Kinder in Sureyt, Turoyo, Neu-Aram\u00e4isch<\/p>\n<p>Im Mittelpunkt steht dabei immer die Silbe.<\/p>\n<p>Alle W\u00f6rter in diesem Buch sind in farbigen Silben markiert. Dadurch ist es jedem m\u00f6glich schneller die W\u00f6rter zu erfassen und so den Inhalt zu verstehen.<\/p>\n<p>Inhalt:<\/p>\n<ol>\n<li>Kiso d Dahwo<\/li>\n<li>Falogho kino<\/li>\n<li>Rocyo mdaglono<\/li>\n<li>Sobutho<\/li>\n<li>Cinderella<\/li>\n<\/ol>\n<p>&nbsp;<\/p>\n<p>F\u00fcnf inspirierende Geschichten die motivieren oder zum Nachdenken anregen sollen.<\/p>\n<div class=\"product_details_specs\">\n<table width=\"100%\" cellspacing=\"0\" cellpadding=\"0\">\n<tbody>\n<tr>\n<td class=\"shop_specification_left\">Gewicht:<\/td>\n<td class=\"shop_specification_right\">ca. 150 g (150 g ohne Verpackung)<\/td>\n<\/tr>\n<\/tbody>\n<\/table>\n<\/div>\n","protected":false},"excerpt":{"rendered":"<p>Geschichten f\u00fcr Kinder in Sureyt, Turoyo, Neu-Aram\u00e4isch Im Mittelpunkt steht dabei immer die Silbe. Alle W\u00f6rter in diesem Buch sind in farbigen Silben markiert. Dadurch ist es jedem m\u00f6glich schneller die W\u00f6rter zu erfassen und so den Inhalt zu verstehen. Inhalt: Kiso d Dahwo Falogho kino Rocyo mdaglono Sobutho Cinderella &nbsp; F\u00fcnf inspirierende Geschichten die [&hellip;]<\/p>\n","protected":false},"featured_media":146,"template":"","meta":[],"product_brand":[],"product_cat":[24],"product_tag":[],"class_list":{"0":"post-145","1":"product","2":"type-product","3":"status-publish","4":"has-post-thumbnail","6":"product_cat-sureyt-2","7":"product_shipping_class-brief","9":"first","10":"instock","11":"taxable","12":"shipping-taxable","13":"purchasable","14":"product-type-simple"},"_links":{"self":[{"href":"https:\/\/leshono-suryoyo.com\/index.php?rest_route=\/wp\/v2\/product\/145","targetHints":{"allow":["GET"]}}],"collection":[{"href":"https:\/\/leshono-suryoyo.com\/index.php?rest_route=\/wp\/v2\/product"}],"about":[{"href":"https:\/\/leshono-suryoyo.com\/index.php?rest_route=\/wp\/v2\/types\/product"}],"wp:featuredmedia":[{"embeddable":true,"href":"https:\/\/leshono-suryoyo.com\/index.php?rest_route=\/wp\/v2\/media\/146"}],"wp:attachment":[{"href":"https:\/\/leshono-suryoyo.com\/index.php?rest_route=%2Fwp%2Fv2%2Fmedia&parent=145"}],"wp:term":[{"taxonomy":"product_brand","embeddable":true,"href":"https:\/\/leshono-suryoyo.com\/index.php?rest_route=%2Fwp%2Fv2%2Fproduct_brand&post=145"},{"taxonomy":"product_cat","embeddable":true,"href":"https:\/\/leshono-suryoyo.com\/index.php?rest_route=%2Fwp%2Fv2%2Fproduct_cat&post=145"},{"taxonomy":"product_tag","embeddable":true,"href":"https:\/\/leshono-suryoyo.com\/index.php?rest_route=%2Fwp%2Fv2%2Fproduct_tag&post=145"}],"curies":[{"name":"wp","href":"https:\/\/api.w.org\/{rel}","templated":true}]}}