{"id":263,"date":"2020-03-17T14:59:39","date_gmt":"2020-03-17T14:59:39","guid":{"rendered":"https:\/\/www.test.leshono-suryoyo.com\/?post_type=product&#038;p=263"},"modified":"2025-12-08T12:38:33","modified_gmt":"2025-12-08T12:38:33","slug":"memory","status":"publish","type":"product","link":"https:\/\/leshono-suryoyo.com\/?product=memory","title":{"rendered":"MEMORY"},"content":{"rendered":"<p><strong>MEMORY &#8211; SURYOYO<\/strong><\/p>\n<p>Memory ist Kult und eine sehr sch\u00f6ne M\u00f6glichkeit, witzig zu spielen, aber auch spielerisch Vokabel zu lernen. Memory f\u00f6rdert, als Lernspiel, die Konzentration und das bildhafte Ged\u00e4chtnis.<\/p>\n<p>-MEMORY-SURYOYO enth\u00e4lten<strong> 2*25<\/strong> allgemeine Vokabel aus dem Altag.<br \/>\n-MEMORY-SURYOYO ist in drei Sprachen: Mit einem Spiel kann man in drei verschieden Sprachen Vokabel lernen.<br \/>\nSURYOYO &#8211; DEUTSCH &#8211; ENGLISH<\/p>\n","protected":false},"excerpt":{"rendered":"<p>MEMORY &#8211; SURYOYO Memory ist Kult und eine sehr sch\u00f6ne M\u00f6glichkeit, witzig zu spielen, aber auch spielerisch Vokabel zu lernen. Memory f\u00f6rdert, als Lernspiel, die Konzentration und das bildhafte Ged\u00e4chtnis. -MEMORY-SURYOYO enth\u00e4lten 2*25 allgemeine Vokabel aus dem Altag. -MEMORY-SURYOYO ist in drei Sprachen: Mit einem Spiel kann man in drei verschieden Sprachen Vokabel lernen. SURYOYO [&hellip;]<\/p>\n","protected":false},"featured_media":264,"template":"","meta":[],"product_brand":[],"product_cat":[25],"product_tag":[],"class_list":{"0":"post-263","1":"product","2":"type-product","3":"status-publish","4":"has-post-thumbnail","6":"product_cat-suryoyo","7":"product_shipping_class-paeckchen","9":"first","10":"outofstock","11":"taxable","12":"shipping-taxable","13":"purchasable","14":"product-type-simple"},"_links":{"self":[{"href":"https:\/\/leshono-suryoyo.com\/index.php?rest_route=\/wp\/v2\/product\/263","targetHints":{"allow":["GET"]}}],"collection":[{"href":"https:\/\/leshono-suryoyo.com\/index.php?rest_route=\/wp\/v2\/product"}],"about":[{"href":"https:\/\/leshono-suryoyo.com\/index.php?rest_route=\/wp\/v2\/types\/product"}],"wp:featuredmedia":[{"embeddable":true,"href":"https:\/\/leshono-suryoyo.com\/index.php?rest_route=\/wp\/v2\/media\/264"}],"wp:attachment":[{"href":"https:\/\/leshono-suryoyo.com\/index.php?rest_route=%2Fwp%2Fv2%2Fmedia&parent=263"}],"wp:term":[{"taxonomy":"product_brand","embeddable":true,"href":"https:\/\/leshono-suryoyo.com\/index.php?rest_route=%2Fwp%2Fv2%2Fproduct_brand&post=263"},{"taxonomy":"product_cat","embeddable":true,"href":"https:\/\/leshono-suryoyo.com\/index.php?rest_route=%2Fwp%2Fv2%2Fproduct_cat&post=263"},{"taxonomy":"product_tag","embeddable":true,"href":"https:\/\/leshono-suryoyo.com\/index.php?rest_route=%2Fwp%2Fv2%2Fproduct_tag&post=263"}],"curies":[{"name":"wp","href":"https:\/\/api.w.org\/{rel}","templated":true}]}}