{"id":9,"date":"2020-02-08T19:06:24","date_gmt":"2020-02-08T19:06:24","guid":{"rendered":"https:\/\/test.leshono-suryoyo.com\/?post_type=product&#038;p=9"},"modified":"2025-12-23T13:41:42","modified_gmt":"2025-12-23T13:41:42","slug":"abreitsheft-olaf-beth","status":"publish","type":"product","link":"https:\/\/leshono-suryoyo.com\/?product=abreitsheft-olaf-beth","title":{"rendered":"Abreitsheft Olaf Beth"},"content":{"rendered":"<div class=\"title_big\">Olaf Beth &#8211; Arbeitsheft<\/div>\n<p><span style=\"font-size: small;\">Der Grundgedanke dieser Arbeit ist es Sch\u00fcler der ersten und zweiten Klasse fundierte Kenntnisse der Schreibweise des syrischen (Ktobonoyo) Alphabet zu vermitteln.<\/span><\/p>\n<p>Denn in dieser wichtigen Phase, werden die Fundamente f\u00fcr die weitere Sprachentwicklung gelegt.<br \/>\nMit diesem Heft hat der \u201eMalfono\u201c erstmals eine gewisse \u201eKontrolle\u201c oder \u201eSicherheit\u201c \u00fcber die erbrachte Leistung seiner Sch\u00fcler. Bei gewissenhafter Ausarbeitung erlangt der Sch\u00fcler fundierte Grundfertigkeiten der syrisch-aram\u00e4ischen Schreibweise.<\/p>\n<p>Dieses Arbeitsheft ist (kann) als Begleitheft f\u00fcr die Lehrb\u00fccher \u201eQlydo\u201c und \u201eSedro Qadmoyo\u201c von Malfono \u201eNicman Karahbash\u201c gedacht.<\/p>\n<p>Um m\u00f6glichst vielen Sch\u00fcler zu erreichen, haben wir versucht durch viel Eigenleistung die Unkosten niedrig gehalten.<\/p>\n<p>Der Preis f\u00fcr einen Exemplar betr\u00e4gt 1,- \u20ac (+Versandkosten)<\/p>\n<p><span style=\"font-size: small;\"><span id=\"result_box\" class=\"short_text\" lang=\"en\"><span class=\"hps\">Shipping place \/ <\/span><\/span>Versandort: DE<br \/>\n<\/span><\/p>\n","protected":false},"excerpt":{"rendered":"<p>Dieses Arbeitsheft ist (kann) als Begleitheft f\u00fcr die Lehrb\u00fccher \u201eQlydo\u201c und \u201eSedro Qadmoyo\u201c von Malfono \u201eNicman Karahbash\u201c gedacht.<\/p>\n","protected":false},"featured_media":702,"template":"","meta":[],"product_brand":[],"product_cat":[25],"product_tag":[],"class_list":{"0":"post-9","1":"product","2":"type-product","3":"status-publish","4":"has-post-thumbnail","6":"product_cat-suryoyo","7":"product_shipping_class-brief","9":"first","10":"instock","11":"taxable","12":"shipping-taxable","13":"purchasable","14":"product-type-simple"},"_links":{"self":[{"href":"https:\/\/leshono-suryoyo.com\/index.php?rest_route=\/wp\/v2\/product\/9","targetHints":{"allow":["GET"]}}],"collection":[{"href":"https:\/\/leshono-suryoyo.com\/index.php?rest_route=\/wp\/v2\/product"}],"about":[{"href":"https:\/\/leshono-suryoyo.com\/index.php?rest_route=\/wp\/v2\/types\/product"}],"wp:featuredmedia":[{"embeddable":true,"href":"https:\/\/leshono-suryoyo.com\/index.php?rest_route=\/wp\/v2\/media\/702"}],"wp:attachment":[{"href":"https:\/\/leshono-suryoyo.com\/index.php?rest_route=%2Fwp%2Fv2%2Fmedia&parent=9"}],"wp:term":[{"taxonomy":"product_brand","embeddable":true,"href":"https:\/\/leshono-suryoyo.com\/index.php?rest_route=%2Fwp%2Fv2%2Fproduct_brand&post=9"},{"taxonomy":"product_cat","embeddable":true,"href":"https:\/\/leshono-suryoyo.com\/index.php?rest_route=%2Fwp%2Fv2%2Fproduct_cat&post=9"},{"taxonomy":"product_tag","embeddable":true,"href":"https:\/\/leshono-suryoyo.com\/index.php?rest_route=%2Fwp%2Fv2%2Fproduct_tag&post=9"}],"curies":[{"name":"wp","href":"https:\/\/api.w.org\/{rel}","templated":true}]}}